{"id":2012,"date":"2023-09-04T16:48:00","date_gmt":"2023-09-04T16:48:00","guid":{"rendered":"https:\/\/royaldoodlehaus.com\/standard-riesenpudel\/"},"modified":"2024-08-04T10:29:27","modified_gmt":"2024-08-04T10:29:27","slug":"standard-riesenpudel","status":"publish","type":"page","link":"https:\/\/royaldoodlehaus.com\/de\/standard-riesenpudel\/","title":{"rendered":"Standard &amp; Riesenpudel"},"content":{"rendered":"<p>[et_pb_section fb_built=&#8220;1&#8243; _builder_version=&#8220;4.27.0&#8243; _module_preset=&#8220;default&#8220; global_colors_info=&#8220;{}&#8220;][et_pb_row _builder_version=&#8220;4.27.0&#8243; _module_preset=&#8220;default&#8220; global_colors_info=&#8220;{}&#8220;][et_pb_column type=&#8220;4_4&#8243; _builder_version=&#8220;4.27.0&#8243; _module_preset=&#8220;default&#8220; global_colors_info=&#8220;{}&#8220;][et_pb_heading title=&#8220;Standard &amp; Riesenpudel&#8220; _builder_version=&#8220;4.27.0&#8243; _module_preset=&#8220;default&#8220; title_font=&#8220;RocknRoll One||||||||&#8220; title_text_align=&#8220;center&#8220; title_text_color=&#8220;#E09900&#8243; title_font_size=&#8220;46px&#8220; global_colors_info=&#8220;{}&#8220;][\/et_pb_heading][\/et_pb_column][\/et_pb_row][et_pb_row column_structure=&#8220;1_2,1_2&#8243; _builder_version=&#8220;4.27.0&#8243; _module_preset=&#8220;default&#8220; global_colors_info=&#8220;{}&#8220;][et_pb_column type=&#8220;1_2&#8243; _builder_version=&#8220;4.27.0&#8243; _module_preset=&#8220;default&#8220; global_colors_info=&#8220;{}&#8220;][et_pb_image src=&#8220;https:\/\/royaldoodlehaus.com\/wp-content\/uploads\/2024\/07\/yin-yang-standard-poodle-male-standard-size-3-months-black-white-bicolour-vaccinated-potty-crate-trained-2.jpg&#8220; title_text=&#8220;yin-yang-standard-pudel-m\u00e4nnlich-standard-gro\u00df-3-monate-schwarz-wei\u00df-bicolour-geimpft-t\u00f6pfchen-kratz-trainiert-2&#8243; _builder_version=&#8220;4.27.0&#8243; _module_preset=&#8220;default&#8220; width=&#8220;89%&#8220; hover_enabled=&#8220;0&#8243; global_colors_info=&#8220;{}&#8220; sticky_enabled=&#8220;0&#8243;][\/et_pb_image][\/et_pb_column][et_pb_column type=&#8220;1_2&#8243; _builder_version=&#8220;4.27.0&#8243; _module_preset=&#8220;default&#8220; global_colors_info=&#8220;{}&#8220;][et_pb_text _builder_version=&#8220;4.27.0&#8243; _module_preset=&#8220;default&#8220; custom_padding=&#8220;||0px|||&#8220; global_colors_info=&#8220;{}&#8220;]<\/p>\n<p>Standard- und Riesenpudelwelpen haben ein \u00e4hnliches Temperament. Sie sind daf\u00fcr bekannt, intelligent, freundlich und trainierbar zu sein. Pudel sind in der Regel eifrig bem\u00fcht, ihren Besitzern zu gefallen und werden oft als anh\u00e4nglich und gut mit Familien und Kindern beschrieben. Sie k\u00f6nnen auch wachsam sein und sind gute Wachhunde. Die richtige Sozialisierung und das Training von klein auf sind wichtig f\u00fcr ihre umfassende Entwicklung.<\/p>\n<p>Der Hauptunterschied zwischen Standard- und Riesenpudeln ist ihre Gr\u00f6\u00dfe. Standardpudel haben in der Regel eine Schulterh\u00f6he von 38 bis 61 cm (15 Zoll) und wiegen zwischen 20 und 32 kg (45 Pfund). Riesenpudel hingegen sind gr\u00f6\u00dfer und k\u00f6nnen eine Schulterh\u00f6he von 61 cm (24 Zoll) erreichen. Sie wiegen bis zu 32 kg (70 Pfund) und mehr. Abgesehen von der Gr\u00f6\u00dfe haben sie \u00e4hnliche Eigenschaften.<\/p>\n<p>Standard- und Riesenpudel k\u00f6nnen anf\u00e4llig f\u00fcr bestimmte gesundheitliche Probleme sein. Zu den h\u00e4ufigsten Problemen geh\u00f6ren H\u00fcftdysplasie, progressive Netzhautatrophie (PRA) und bestimmte Hautkrankheiten. Regelm\u00e4\u00dfige tier\u00e4rztliche Untersuchungen, eine ausgewogene Ern\u00e4hrung und Bewegung k\u00f6nnen dazu beitragen, ihre allgemeine Gesundheit zu erhalten. Es ist auch wichtig, dass Sie sich f\u00fcr einen seri\u00f6sen Z\u00fcchter entscheiden, der seine Zuchthunde einer Gesundheitsuntersuchung unterzieht. Unsere Rassehunde werden mit einem vollst\u00e4ndigen Gesundheitscheck geliefert; PRA-frei und auf Dysplasie getestet.<\/p>\n<p>Wenn Sie all das bedenken, werfen Sie einen Blick auf unsere verf\u00fcgbaren <a href=\"https:\/\/royaldoodlehaus.com\/category\/puppies-for-sale\/standard-poodle-puppies\/\">Standardpudel-<\/a> und <a href=\"https:\/\/royaldoodlehaus.com\/category\/puppies-for-sale\/royal-giant-poodle-puppies\/\">Riesenpudelwelpen<\/a>.<\/p>\n<p>&nbsp;<\/p>\n<p>[\/et_pb_text][\/et_pb_column][\/et_pb_row][\/et_pb_section]<\/p>\n","protected":false},"excerpt":{"rendered":"<p>Standard- und Riesenpudelwelpen haben ein \u00e4hnliches Temperament. Sie sind daf\u00fcr bekannt, intelligent, freundlich und trainierbar zu sein. Pudel sind in der Regel eifrig bem\u00fcht, ihren Besitzern zu gefallen und werden oft als anh\u00e4nglich und gut mit Familien und Kindern beschrieben. Sie k\u00f6nnen auch wachsam sein und sind gute Wachhunde. Die richtige Sozialisierung und das Training [&hellip;]<\/p>\n","protected":false},"author":1,"featured_media":0,"parent":0,"menu_order":0,"comment_status":"closed","ping_status":"closed","template":"","meta":{"_acf_changed":false,"_et_pb_use_builder":"on","_et_pb_old_content":"","_et_gb_content_width":"","ngg_post_thumbnail":0,"footnotes":""},"class_list":["post-2012","page","type-page","status-publish","hentry"],"acf":[],"_links":{"self":[{"href":"https:\/\/royaldoodlehaus.com\/de\/wp-json\/wp\/v2\/pages\/2012","targetHints":{"allow":["GET"]}}],"collection":[{"href":"https:\/\/royaldoodlehaus.com\/de\/wp-json\/wp\/v2\/pages"}],"about":[{"href":"https:\/\/royaldoodlehaus.com\/de\/wp-json\/wp\/v2\/types\/page"}],"author":[{"embeddable":true,"href":"https:\/\/royaldoodlehaus.com\/de\/wp-json\/wp\/v2\/users\/1"}],"replies":[{"embeddable":true,"href":"https:\/\/royaldoodlehaus.com\/de\/wp-json\/wp\/v2\/comments?post=2012"}],"version-history":[{"count":2,"href":"https:\/\/royaldoodlehaus.com\/de\/wp-json\/wp\/v2\/pages\/2012\/revisions"}],"predecessor-version":[{"id":2016,"href":"https:\/\/royaldoodlehaus.com\/de\/wp-json\/wp\/v2\/pages\/2012\/revisions\/2016"}],"wp:attachment":[{"href":"https:\/\/royaldoodlehaus.com\/de\/wp-json\/wp\/v2\/media?parent=2012"}],"curies":[{"name":"wp","href":"https:\/\/api.w.org\/{rel}","templated":true}]}}