{"id":2017,"date":"2023-09-04T15:38:30","date_gmt":"2023-09-04T15:38:30","guid":{"rendered":"https:\/\/royaldoodlehaus.com\/startseite\/"},"modified":"2024-08-25T09:48:55","modified_gmt":"2024-08-25T09:48:55","slug":"startseite","status":"publish","type":"page","link":"https:\/\/royaldoodlehaus.com\/de\/","title":{"rendered":"Royal Doodle Haus &#8211; Startseite"},"content":{"rendered":"<p>[et_pb_section fb_built=&#8220;1&#8243; admin_label=&#8220;Header&#8220; _builder_version=&#8220;4.27.0&#8243; _module_preset=&#8220;default&#8220; background_color=&#8220;#FCF5ED&#8220; background_image=&#8220;https:\/\/royaldoodlehaus.com\/wp-content\/uploads\/2023\/09\/doodle-house-home-slide.jpg&#8220; parallax=&#8220;on&#8220; parallax_method=&#8220;off&#8220; z_index=&#8220;2&#8243; custom_padding=&#8220;||0px|||&#8220; locked=&#8220;off&#8220; global_colors_info=&#8220;{}&#8220;][et_pb_row column_structure=&#8220;1_2,1_2&#8243; _builder_version=&#8220;4.16&#8243; _module_preset=&#8220;default&#8220; custom_padding=&#8220;||0px|||&#8220; global_colors_info=&#8220;{}&#8220;][et_pb_column type=&#8220;1_2&#8243; _builder_version=&#8220;4.16&#8243; _module_preset=&#8220;default&#8220; global_colors_info=&#8220;{}&#8220;][et_pb_image src=&#8220;https:\/\/royaldoodlehaus.com\/wp-content\/uploads\/2023\/08\/Royal-Doodle-Haus-Logo-Yatay1.png&#8220; alt=&#8220;Das Logo von Royal Doodle Haus zeigt drei Hunde unterschiedlicher F\u00e4rbung in einem goldenen Rahmen in einer Reihe.&#8220; title_text=&#8220;K\u00f6nigliches-Doodle-Haus-Logo&#8220; align=&#8220;center&#8220; _builder_version=&#8220;4.27.0&#8243; _module_preset=&#8220;default&#8220; background_enable_color=&#8220;off&#8220; custom_margin=&#8220;10px||10px||true|false&#8220; custom_padding=&#8220;||0px|||&#8220; global_colors_info=&#8220;{}&#8220;][\/et_pb_image][et_pb_text _builder_version=&#8220;4.27.0&#8243; _module_preset=&#8220;b0bf5418-994a-43d1-aef8-7d7c6764119d&#8220; header_font=&#8220;RocknRoll One||||||||&#8220; header_text_color=&#8220;#FFB100&#8243; header_font_size=&#8220;60px&#8220; header_line_height=&#8220;1.2em&#8220; max_width=&#8220;100%&#8220; custom_padding=&#8220;|0px||||&#8220; header_font_size_tablet=&#8220;40px&#8220; header_font_size_phone=&#8220;24px&#8220; header_font_size_last_edited=&#8220;on|desktop&#8220; header_line_height_tablet=&#8220;&#8220; header_line_height_phone=&#8220;1.4em&#8220; header_line_height_last_edited=&#8220;on|phone&#8220; header_text_shadow_style=&#8220;preset2&#8243; header_text_shadow_horizontal_length=&#8220;0.05em&#8220; header_text_shadow_vertical_length=&#8220;0.05em&#8220; header_text_shadow_blur_strength=&#8220;0.05em&#8220; global_colors_info=&#8220;{%22gcid-87cad038-7afd-4dda-acb0-0a24d4ccd112%22:%91%93,%22gcid-87ce0c3f-2a7b-40dd-8a42-4148be75d651%22:%91%93,%22gcid-431bd12a-5227-4536-9132-2528c0596703%22:%91%93,%22gcid-70e8f1e6-78eb-4f52-a811-0c9b614afdc2%22:%91%93}&#8220;]<\/p>\n<h1>Royal Doodle Haus<\/h1>\n<p>[\/et_pb_text][et_pb_text _builder_version=&#8220;4.27.0&#8243; _module_preset=&#8220;2e1ca0a8-a515-4ca3-8814-65eea4b82393&#8243; text_font=&#8220;||||||||&#8220; text_text_color=&#8220;#E6D5D1&#8243; text_line_height=&#8220;2em&#8220; link_text_color=&#8220;#6D6A7E&#8220; max_width_tablet=&#8220;350px&#8220; max_width_phone=&#8220;200px&#8220; max_width_last_edited=&#8220;off|desktop&#8220; text_font_size_tablet=&#8220;20px&#8220; text_font_size_phone=&#8220;18px&#8220; text_font_size_last_edited=&#8220;off|desktop&#8220; text_text_shadow_style=&#8220;preset2&#8243; global_colors_info=&#8220;{%22gcid-70e8f1e6-78eb-4f52-a811-0c9b614afdc2%22:%91%93}&#8220;]<\/p>\n<p>Royal Doodle Haus ist seit \u00fcber 20 Jahren ein Familienbetrieb.<br \/>\nUnsere Welpen werden wie K\u00f6nige und K\u00f6niginnen behandelt, mit Liebe und Leidenschaft unter hervorragenden Bedingungen aufgezogen und mit dem besten Qualit\u00e4tsfutter gef\u00fcttert. <\/p>\n<p>Wir bieten Welpen der folgenden Rassen an: Aussiedoodle, Bernedoodle, Goldendoodle, Labradoodle, Royal Giant Poodle, Standard Poodle und Pembroke Welsh Corgi.<\/p>\n<p>[\/et_pb_text][et_pb_button button_url=&#8220;https:\/\/royaldoodlehaus.com\/de\/category\/welpen-zu-verkaufen\/&#8220; button_text=&#8220;Finden Sie den besten Welpen f\u00fcr Sie&#8220; _builder_version=&#8220;4.27.0&#8243; _module_preset=&#8220;015e926e-70df-4745-bb80-f7c6873c977b&#8220; custom_button=&#8220;on&#8220; button_text_size=&#8220;12px&#8220; button_text_color=&#8220;#000000&#8243; button_bg_color=&#8220;#FFB100&#8243; button_border_width=&#8220;0px&#8220; button_border_radius=&#8220;6px&#8220; button_letter_spacing=&#8220;4px&#8220; button_font=&#8220;RocknRoll One|||||on|||&#8220; custom_margin=&#8220;15px||40px||false|false&#8220; custom_padding=&#8220;11px||11px||true|false&#8220; box_shadow_style=&#8220;preset3&#8243; box_shadow_vertical=&#8220;20px&#8220; box_shadow_blur=&#8220;40px&#8220; box_shadow_spread=&#8220;0px&#8220; box_shadow_color=&#8220;rgba(255,177,0,0.15)&#8220; global_colors_info=&#8220;{}&#8220;][\/et_pb_button][\/et_pb_column][et_pb_column type=&#8220;1_2&#8243; _builder_version=&#8220;4.22.0&#8243; _module_preset=&#8220;default&#8220; global_colors_info=&#8220;{}&#8220;][\/et_pb_column][\/et_pb_row][\/et_pb_section][et_pb_section fb_built=&#8220;1&#8243; admin_label=&#8220;About&#8220; _builder_version=&#8220;4.16&#8243; _module_preset=&#8220;default&#8220; background_color=&#8220;#fcf5ed&#8220; global_colors_info=&#8220;{}&#8220;][et_pb_row column_structure=&#8220;1_2,1_2&#8243; _builder_version=&#8220;4.16&#8243; _module_preset=&#8220;default&#8220; global_colors_info=&#8220;{}&#8220;][et_pb_column type=&#8220;1_2&#8243; _builder_version=&#8220;4.16&#8243; _module_preset=&#8220;default&#8220; global_colors_info=&#8220;{}&#8220;][et_pb_image src=&#8220;https:\/\/royaldoodlehaus.com\/wp-content\/uploads\/2024\/08\/namos-tricolour-bernedoodle-standard-size.jpg&#8220; alt=&#8220;Tricolour Bernedoodle auf einer staubigen Stra\u00dfe mit seiner Besitzerin, die sich liebevoll an ihn schmiegt.&#8220; title_text=&#8220;namos-tricolour-bernedoodle-standard-size&#8220; _builder_version=&#8220;4.27.0&#8243; _module_preset=&#8220;default&#8220; max_height=&#8220;1000px&#8220; global_colors_info=&#8220;{}&#8220;][\/et_pb_image][\/et_pb_column][et_pb_column type=&#8220;1_2&#8243; _builder_version=&#8220;4.16&#8243; _module_preset=&#8220;default&#8220; global_colors_info=&#8220;{}&#8220;][et_pb_text _builder_version=&#8220;4.22.0&#8243; _module_preset=&#8220;c3c1179e-80e4-4396-b700-51b845e1c46f&#8220; header_2_font=&#8220;RocknRoll One||||||||&#8220; header_2_text_color=&#8220;#2c2b4c&#8220; header_2_font_size=&#8220;40px&#8220; header_2_line_height=&#8220;1.2em&#8220; custom_margin=&#8220;||||false|false&#8220; header_2_font_size_tablet=&#8220;32px&#8220; header_2_font_size_phone=&#8220;20px&#8220; header_2_font_size_last_edited=&#8220;on|desktop&#8220; header_2_line_height_tablet=&#8220;&#8220; header_2_line_height_phone=&#8220;1.4em&#8220; header_2_line_height_last_edited=&#8220;on|phone&#8220; global_colors_info=&#8220;{}&#8220;]<\/p>\n<h2>Warum w\u00e4hlen Sie uns<\/h2>\n<p>[\/et_pb_text][et_pb_blurb title=&#8220;Gesundheitsgarantie&#8220; use_icon=&#8220;on&#8220; font_icon=&#8220;&#x52;||divi||400&#8243; icon_color=&#8220;rgba(109,216,8,0.87)&#8220; icon_placement=&#8220;left&#8220; content_max_width=&#8220;100%&#8220; _builder_version=&#8220;4.27.0&#8243; _module_preset=&#8220;default&#8220; header_font=&#8220;RocknRoll One||||||||&#8220; header_text_color=&#8220;#2c2b4c&#8220; header_line_height=&#8220;1.4em&#8220; body_text_color=&#8220;#6d6a7e&#8220; body_line_height=&#8220;2em&#8220; header_font_size_tablet=&#8220;16px&#8220; header_font_size_phone=&#8220;16px&#8220; header_font_size_last_edited=&#8220;on|phone&#8220; global_colors_info=&#8220;{%22gcid-431bd12a-5227-4536-9132-2528c0596703%22:%91%93,%22gcid-70e8f1e6-78eb-4f52-a811-0c9b614afdc2%22:%91%93,%22gcid-87cad038-7afd-4dda-acb0-0a24d4ccd112%22:%91%93,%22gcid-87ce0c3f-2a7b-40dd-8a42-4148be75d651%22:%91%93}&#8220;][\/et_pb_blurb][et_pb_blurb title=&#8220;Keine Welpenm\u00fchlen&#8220; use_icon=&#8220;on&#8220; font_icon=&#8220;&#x52;||divi||400&#8243; icon_color=&#8220;rgba(109,216,8,0.87)&#8220; icon_placement=&#8220;left&#8220; content_max_width=&#8220;100%&#8220; _builder_version=&#8220;4.27.0&#8243; _module_preset=&#8220;default&#8220; header_font=&#8220;RocknRoll One||||||||&#8220; header_text_color=&#8220;#2c2b4c&#8220; header_line_height=&#8220;1.4em&#8220; body_text_color=&#8220;#6d6a7e&#8220; body_line_height=&#8220;2em&#8220; header_font_size_tablet=&#8220;16px&#8220; header_font_size_phone=&#8220;16px&#8220; header_font_size_last_edited=&#8220;on|phone&#8220; global_colors_info=&#8220;{%22gcid-431bd12a-5227-4536-9132-2528c0596703%22:%91%93,%22gcid-70e8f1e6-78eb-4f52-a811-0c9b614afdc2%22:%91%93,%22gcid-87cad038-7afd-4dda-acb0-0a24d4ccd112%22:%91%93,%22gcid-87ce0c3f-2a7b-40dd-8a42-4148be75d651%22:%91%93}&#8220;][\/et_pb_blurb][\/et_pb_column][\/et_pb_row][et_pb_row column_structure=&#8220;1_2,1_2&#8243; _builder_version=&#8220;4.27.0&#8243; _module_preset=&#8220;default&#8220; overflow-y=&#8220;visible&#8220; overflow-y_tablet=&#8220;visible&#8220; overflow-y_phone=&#8220;&#8220; overflow-y_last_edited=&#8220;on|phone&#8220; global_colors_info=&#8220;{}&#8220;][et_pb_column type=&#8220;1_2&#8243; _builder_version=&#8220;4.16&#8243; _module_preset=&#8220;default&#8220; global_colors_info=&#8220;{}&#8220;][et_pb_text _builder_version=&#8220;4.25.2&#8243; _module_preset=&#8220;c3c1179e-80e4-4396-b700-51b845e1c46f&#8220; header_2_font=&#8220;RocknRoll One||||||||&#8220; header_2_text_color=&#8220;#2c2b4c&#8220; header_2_font_size=&#8220;40px&#8220; header_2_line_height=&#8220;1.2em&#8220; custom_margin=&#8220;||||false|false&#8220; header_2_font_size_tablet=&#8220;32px&#8220; header_2_font_size_phone=&#8220;20px&#8220; header_2_font_size_last_edited=&#8220;on|desktop&#8220; header_2_line_height_tablet=&#8220;&#8220; header_2_line_height_phone=&#8220;1.4em&#8220; header_2_line_height_last_edited=&#8220;on|phone&#8220; global_colors_info=&#8220;{}&#8220;]<\/p>\n<h2>Finden Sie Ihren besten Freund<\/h2>\n<p>[\/et_pb_text][et_pb_text _builder_version=&#8220;4.27.0&#8243; _module_preset=&#8220;2e1ca0a8-a515-4ca3-8814-65eea4b82393&#8243; text_font=&#8220;||||||||&#8220; text_text_color=&#8220;#6D6A7E&#8220; text_line_height=&#8220;2em&#8220; link_text_color=&#8220;#6D6A7E&#8220; max_width_tablet=&#8220;350px&#8220; max_width_phone=&#8220;200px&#8220; max_width_last_edited=&#8220;off|desktop&#8220; text_font_size_tablet=&#8220;20px&#8220; text_font_size_phone=&#8220;18px&#8220; text_font_size_last_edited=&#8220;off|desktop&#8220; locked=&#8220;off&#8220; global_colors_info=&#8220;{%22gcid-70e8f1e6-78eb-4f52-a811-0c9b614afdc2%22:%91%93}&#8220;]<\/p>\n<p>Meine Familie ist seit mehr als 20 Jahren engagierte Hundez\u00fcchter.<br \/>\nUnsere Zuchtst\u00e4tte ist ein Zeugnis unserer Leidenschaft und unseres Engagements, gesunde und gl\u00fcckliche Welpen zu z\u00fcchten. <\/p>\n<p>Durch die sorgf\u00e4ltige Auswahl der Zuchtpaare und die hervorragende Pflege haben wir uns den Ruf erworben, Hunde von h\u00f6chster Qualit\u00e4t zu produzieren, die von Familien im ganzen Land gesch\u00e4tzt werden.<\/p>\n<p>[\/et_pb_text][\/et_pb_column][et_pb_column type=&#8220;1_2&#8243; _builder_version=&#8220;4.27.0&#8243; _module_preset=&#8220;default&#8220; global_colors_info=&#8220;{}&#8220;][et_pb_image src=&#8220;https:\/\/royaldoodlehaus.com\/wp-content\/uploads\/2024\/08\/3-welsh-corgi-puppies-e1723036697471.jpg&#8220; alt=&#8220;Drei Pembroke Welsh Corgi Welpen auf einer Wiese vor einem gelben Schuppen.&#8220; title_text=&#8220;3-Welsh-Corgi-Welpen&#8220; _builder_version=&#8220;4.27.0&#8243; _module_preset=&#8220;default&#8220; background_color=&#8220;RGBA(255,255,255,0)&#8220; background_image=&#8220;https:\/\/dev.royaldoodlehaus.com\/wp-content\/uploads\/2023\/09\/dog-breeder-illustration-6.png&#8220; width=&#8220;100%&#8220; module_alignment=&#8220;right&#8220; custom_padding=&#8220;|||0px||&#8220; global_colors_info=&#8220;{%22gcid-87ce0c3f-2a7b-40dd-8a42-4148be75d651%22:%91%93,%22gcid-87cad038-7afd-4dda-acb0-0a24d4ccd112%22:%91%93,%22gcid-431bd12a-5227-4536-9132-2528c0596703%22:%91%93,%22gcid-70e8f1e6-78eb-4f52-a811-0c9b614afdc2%22:%91%93}&#8220;][\/et_pb_image][\/et_pb_column][\/et_pb_row][\/et_pb_section][et_pb_section fb_built=&#8220;1&#8243; _builder_version=&#8220;4.22.0&#8243; _module_preset=&#8220;default&#8220; background_enable_color=&#8220;off&#8220; use_background_color_gradient=&#8220;on&#8220; background_color_gradient_stops=&#8220;rgba(0,0,0,0.88) 0%|rgba(0,0,0,0.6) 100%&#8220; background_color_gradient_overlays_image=&#8220;on&#8220; background_image=&#8220;https:\/\/dev.royaldoodlehaus.com\/wp-content\/uploads\/2023\/09\/headhero-1.jpg&#8220; parallax=&#8220;on&#8220; custom_padding=&#8220;10px||10px||true|false&#8220; global_colors_info=&#8220;{}&#8220;][et_pb_row _builder_version=&#8220;4.22.0&#8243; _module_preset=&#8220;default&#8220; custom_margin=&#8220;1px||1px||false|false&#8220; custom_padding=&#8220;||||true&#8220; locked=&#8220;off&#8220; global_colors_info=&#8220;{}&#8220;][et_pb_column type=&#8220;4_4&#8243; _builder_version=&#8220;4.16&#8243; _module_preset=&#8220;default&#8220; global_colors_info=&#8220;{}&#8220;][et_pb_text _builder_version=&#8220;4.22.0&#8243; _module_preset=&#8220;c3c1179e-80e4-4396-b700-51b845e1c46f&#8220; header_2_font=&#8220;RocknRoll One||||||||&#8220; header_2_text_align=&#8220;center&#8220; header_2_text_color=&#8220;#FFFFFF&#8220; header_2_font_size=&#8220;56px&#8220; header_2_line_height=&#8220;1.2em&#8220; custom_margin=&#8220;||||false|false&#8220; header_2_font_size_tablet=&#8220;32px&#8220; header_2_font_size_phone=&#8220;20px&#8220; header_2_font_size_last_edited=&#8220;on|desktop&#8220; header_2_line_height_tablet=&#8220;&#8220; header_2_line_height_phone=&#8220;1.4em&#8220; header_2_line_height_last_edited=&#8220;on|phone&#8220; locked=&#8220;off&#8220; global_colors_info=&#8220;{}&#8220;]<\/p>\n<h2>Unsere Top-Welpenangebote<\/h2>\n<p>[\/et_pb_text][et_pb_post_slider include_categories=&#8220;27&#8243; use_manual_excerpt=&#8220;off&#8220; show_meta=&#8220;off&#8220; image_placement=&#8220;left&#8220; use_bg_overlay=&#8220;off&#8220; arrows_custom_color=&#8220;#FFFFFF&#8220; dot_nav_custom_color=&#8220;#FFFFFF&#8220; _builder_version=&#8220;4.27.0&#8243; _module_preset=&#8220;default&#8220; header_font=&#8220;RocknRoll One|||||on|||&#8220; body_font=&#8220;||||||||&#8220; background_color=&#8220;RGBA(255,255,255,0)&#8220; custom_button=&#8220;on&#8220; button_text_color=&#8220;#FFFFFF&#8220; button_border_color=&#8220;#FFFFFF&#8220; button_font=&#8220;RocknRoll One|||||on|||&#8220; custom_margin=&#8220;||1px||false|false&#8220; border_radii_image=&#8220;on|1px|1px|1px|1px&#8220; border_width_all_image=&#8220;1px&#8220; border_color_all_image=&#8220;#FFFFFF&#8220; box_shadow_style_image=&#8220;preset1&#8243; box_shadow_vertical_image=&#8220;13px&#8220; box_shadow_color_image=&#8220;rgba(0,0,0,0.83)&#8220; global_colors_info=&#8220;{}&#8220;][\/et_pb_post_slider][\/et_pb_column][\/et_pb_row][\/et_pb_section][et_pb_section fb_built=&#8220;1&#8243; admin_label=&#8220;Shop&#8220; _builder_version=&#8220;4.27.0&#8243; _module_preset=&#8220;default&#8220; background_color=&#8220;#fcf5ed&#8220; global_colors_info=&#8220;{}&#8220;][et_pb_row column_structure=&#8220;3_5,2_5&#8243; _builder_version=&#8220;4.16&#8243; _module_preset=&#8220;default&#8220; global_colors_info=&#8220;{}&#8220;][et_pb_column type=&#8220;3_5&#8243; _builder_version=&#8220;4.16&#8243; _module_preset=&#8220;default&#8220; global_colors_info=&#8220;{}&#8220;][et_pb_button button_url=&#8220;https:\/\/royaldoodlehaus.com\/de\/category\/welpen-zu-verkaufen\/&#8220; button_text=&#8220;Finden Sie Ihre Welpen&#8220; _builder_version=&#8220;4.27.0&#8243; _module_preset=&#8220;a8b2ad40-45d8-43e3-8f9a-d0920bb075e9&#8243; custom_button=&#8220;on&#8220; button_text_size=&#8220;12px&#8220; button_text_color=&#8220;#FFFFFF&#8220; button_bg_color=&#8220;#F0782E&#8220; button_border_width=&#8220;0px&#8220; button_border_radius=&#8220;6px&#8220; button_letter_spacing=&#8220;3px&#8220; button_font=&#8220;RocknRoll One|700||||on|||&#8220; custom_padding=&#8220;15px|30px|15px|30px|true|true&#8220; box_shadow_style=&#8220;preset3&#8243; box_shadow_vertical=&#8220;10px&#8220; box_shadow_blur=&#8220;20px&#8220; box_shadow_spread=&#8220;0px&#8220; box_shadow_color=&#8220;rgba(240,120,46,0.2)&#8220; global_module=&#8220;744&#8243; saved_tabs=&#8220;all&#8220; global_colors_info=&#8220;{}&#8220;][\/et_pb_button][et_pb_text _builder_version=&#8220;4.22.0&#8243; _module_preset=&#8220;c3c1179e-80e4-4396-b700-51b845e1c46f&#8220; header_2_font=&#8220;RocknRoll One||||||||&#8220; header_2_text_color=&#8220;#2c2b4c&#8220; header_2_font_size=&#8220;40px&#8220; header_2_line_height=&#8220;1.2em&#8220; custom_margin=&#8220;||||false|false&#8220; header_2_font_size_tablet=&#8220;32px&#8220; header_2_font_size_phone=&#8220;20px&#8220; header_2_font_size_last_edited=&#8220;on|desktop&#8220; header_2_line_height_tablet=&#8220;&#8220; header_2_line_height_phone=&#8220;1.4em&#8220; header_2_line_height_last_edited=&#8220;on|phone&#8220; global_colors_info=&#8220;{}&#8220;]<\/p>\n<h2>Wir versenden weltweit  <\/h2>\n<p>[\/et_pb_text][et_pb_text _builder_version=&#8220;4.27.0&#8243; _module_preset=&#8220;2e1ca0a8-a515-4ca3-8814-65eea4b82393&#8243; text_font=&#8220;||||||||&#8220; text_text_color=&#8220;#6D6A7E&#8220; text_line_height=&#8220;2em&#8220; link_text_color=&#8220;#6D6A7E&#8220; max_width_tablet=&#8220;350px&#8220; max_width_phone=&#8220;200px&#8220; max_width_last_edited=&#8220;off|desktop&#8220; custom_padding=&#8220;1px|||||&#8220; text_font_size_tablet=&#8220;20px&#8220; text_font_size_phone=&#8220;18px&#8220; text_font_size_last_edited=&#8220;off|desktop&#8220; locked=&#8220;off&#8220; global_colors_info=&#8220;{%22gcid-70e8f1e6-78eb-4f52-a811-0c9b614afdc2%22:%91%93}&#8220;]<\/p>\n<p>Wir verf\u00fcgen \u00fcber professionelle Kuriere, die in der Lage sind, einen Hund mit dem Flugzeug auszuliefern, und k\u00f6nnen auch alle notwendigen Dokumente f\u00fcr den Flug besorgen.<\/p>\n<p>Wir bieten weltweite Zustelloptionen durch Nanny-Dienste und Frachtlieferungen.<br \/>\nUnsere Kuriere gehen mit \u00e4u\u00dferster Sorgfalt und Vorsicht vor, um den sicheren Versand aller unserer Lieferungen zu gew\u00e4hrleisten.<br \/>\nUnser Team befolgt strenge Sicherheitsrichtlinien und -protokolle, um zu gew\u00e4hrleisten, dass alle Tiere und Pakete sicher und gesch\u00fctzt transportiert werden.  <\/p>\n<p>[\/et_pb_text][\/et_pb_column][et_pb_column type=&#8220;2_5&#8243; _builder_version=&#8220;4.16&#8243; _module_preset=&#8220;default&#8220; global_colors_info=&#8220;{}&#8220;][et_pb_image src=&#8220;https:\/\/royaldoodlehaus.com\/wp-content\/uploads\/2023\/09\/weshipwww.png&#8220; alt=&#8220;Grafik eines Flugzeugs, das die Welt umrundet&#8220; title_text=&#8220;Globus-mit-Flugzeug-weltweit&#8220; _builder_version=&#8220;4.27.0&#8243; _module_preset=&#8220;default&#8220; background_enable_color=&#8220;off&#8220; background_enable_image=&#8220;off&#8220; width=&#8220;100%&#8220; module_alignment=&#8220;right&#8220; global_colors_info=&#8220;{%22gcid-87ce0c3f-2a7b-40dd-8a42-4148be75d651%22:%91%93,%22gcid-87cad038-7afd-4dda-acb0-0a24d4ccd112%22:%91%93,%22gcid-431bd12a-5227-4536-9132-2528c0596703%22:%91%93,%22gcid-70e8f1e6-78eb-4f52-a811-0c9b614afdc2%22:%91%93}&#8220;][\/et_pb_image][\/et_pb_column][\/et_pb_row][\/et_pb_section][et_pb_section fb_built=&#8220;1&#8243; fullwidth=&#8220;on&#8220; _builder_version=&#8220;4.27.0&#8243; _module_preset=&#8220;default&#8220; global_colors_info=&#8220;{}&#8220;][et_pb_fullwidth_slider use_bg_overlay=&#8220;off&#8220; use_text_overlay=&#8220;off&#8220; arrows_custom_color=&#8220;#FFFFFF&#8220; _builder_version=&#8220;4.27.0&#8243; _module_preset=&#8220;default&#8220; body_font=&#8220;||||||||&#8220; body_font_size=&#8220;20px&#8220; global_colors_info=&#8220;{}&#8220;][et_pb_slide _builder_version=&#8220;4.27.0&#8243; _module_preset=&#8220;default&#8220; global_colors_info=&#8220;{}&#8220; sticky_transition=&#8220;on&#8220;]<\/p>\n<p><em>&#8222;Die Wahl von Royal Doodle Haus war die beste Entscheidung, die wir je getroffen haben. Unser Riesenpudel Belle ist die perfekte Erg\u00e4nzung f\u00fcr unsere Familie. Das Team war unglaublich sachkundig und hat uns mit Sorgfalt und Professionalit\u00e4t durch den gesamten Prozess gef\u00fchrt. Belle kam gesund, gl\u00fccklich und mit einem wunderbaren Temperament bei uns an. Wir k\u00f6nnten nicht dankbarer sein!&#8220;<\/em><\/p>\n<p>&#8211; <strong>Emma &amp; James R.<\/strong><\/p>\n<p>[\/et_pb_slide][et_pb_slide _builder_version=&#8220;4.27.0&#8243; _module_preset=&#8220;default&#8220; global_colors_info=&#8220;{}&#8220; sticky_transition=&#8220;on&#8220;]<\/p>\n<p><em>&#8222;Wir waren auf der Suche nach einem seri\u00f6sen Z\u00fcchter in Europa, und Royal Doodle Haus hat all unsere Erwartungen \u00fcbertroffen. Von unserer ersten Anfrage bis zur \u00dcbergabe unseres Labradoodles Max an die Familie verlief alles reibungslos. Das Engagement der Mitarbeiter f\u00fcr die Gesundheit und das Wohlbefinden ihrer Hunde ist in jeder Hinsicht offensichtlich. Max ist nicht nur umwerfend, sondern auch gut sozialisiert und sanftm\u00fctig, ein wahrer Beweis f\u00fcr die Qualit\u00e4t von Royal Doodle Haus.&#8220;<\/em><\/p>\n<p>&#8211; <strong>Leyla &amp; Ali T.<\/strong><\/p>\n<p>[\/et_pb_slide][et_pb_slide _builder_version=&#8220;4.27.0&#8243; _module_preset=&#8220;default&#8220; global_colors_info=&#8220;{}&#8220; sticky_transition=&#8220;on&#8220;]<\/p>\n<p><em>&#8222;Royal Doodle Haus zeichnet sich wirklich durch sein Engagement f\u00fcr hervorragende Leistungen aus. Unser Standard Pudel, Luna, hat so viel Freude in unser Leben gebracht. Das Team war w\u00e4hrend des gesamten Adoptionsprozesses transparent, geduldig und hilfsbereit. Man merkt, dass es ihnen ein echtes Anliegen ist, ihre Welpen in ein liebevolles Zuhause zu vermitteln. Luna ist gesund, intelligent und hat eine unglaubliche Pers\u00f6nlichkeit. Wir k\u00f6nnen Royal Doodle Haus nicht genug empfehlen!&#8220;<\/em><\/p>\n<p>&#8211; <strong>Sarah M.<\/strong><\/p>\n<p>[\/et_pb_slide][\/et_pb_fullwidth_slider][\/et_pb_section]<\/p>\n","protected":false},"excerpt":{"rendered":"<p>Royal Doodle HausRoyal Doodle Haus ist seit \u00fcber 20 Jahren ein Familienbetrieb. Unsere Welpen werden wie K\u00f6nige und K\u00f6niginnen behandelt, mit Liebe und Leidenschaft unter hervorragenden Bedingungen aufgezogen und mit dem besten Qualit\u00e4tsfutter gef\u00fcttert. Wir bieten Welpen der folgenden Rassen an: Aussiedoodle, Bernedoodle, Goldendoodle, Labradoodle, Royal Giant Poodle, Standard Poodle und Pembroke Welsh Corgi.Warum w\u00e4hlen [&hellip;]<\/p>\n","protected":false},"author":1,"featured_media":0,"parent":0,"menu_order":0,"comment_status":"closed","ping_status":"closed","template":"","meta":{"_acf_changed":false,"_et_pb_use_builder":"on","_et_pb_old_content":"","_et_gb_content_width":"","ngg_post_thumbnail":0,"footnotes":""},"class_list":["post-2017","page","type-page","status-publish","hentry"],"acf":[],"_links":{"self":[{"href":"https:\/\/royaldoodlehaus.com\/de\/wp-json\/wp\/v2\/pages\/2017","targetHints":{"allow":["GET"]}}],"collection":[{"href":"https:\/\/royaldoodlehaus.com\/de\/wp-json\/wp\/v2\/pages"}],"about":[{"href":"https:\/\/royaldoodlehaus.com\/de\/wp-json\/wp\/v2\/types\/page"}],"author":[{"embeddable":true,"href":"https:\/\/royaldoodlehaus.com\/de\/wp-json\/wp\/v2\/users\/1"}],"replies":[{"embeddable":true,"href":"https:\/\/royaldoodlehaus.com\/de\/wp-json\/wp\/v2\/comments?post=2017"}],"version-history":[{"count":15,"href":"https:\/\/royaldoodlehaus.com\/de\/wp-json\/wp\/v2\/pages\/2017\/revisions"}],"predecessor-version":[{"id":3003,"href":"https:\/\/royaldoodlehaus.com\/de\/wp-json\/wp\/v2\/pages\/2017\/revisions\/3003"}],"wp:attachment":[{"href":"https:\/\/royaldoodlehaus.com\/de\/wp-json\/wp\/v2\/media?parent=2017"}],"curies":[{"name":"wp","href":"https:\/\/api.w.org\/{rel}","templated":true}]}}