{"id":2018,"date":"2023-09-04T16:32:15","date_gmt":"2023-09-04T16:32:15","guid":{"rendered":"https:\/\/royaldoodlehaus.com\/bernedoodle\/"},"modified":"2024-08-19T11:17:43","modified_gmt":"2024-08-19T11:17:43","slug":"bernedoodle","status":"publish","type":"page","link":"https:\/\/royaldoodlehaus.com\/de\/bernedoodle\/","title":{"rendered":"Der Bernedoodle"},"content":{"rendered":"<p>[et_pb_section fb_built=&#8220;1&#8243; _builder_version=&#8220;4.22.0&#8243; _module_preset=&#8220;default&#8220; global_colors_info=&#8220;{}&#8220;][et_pb_row _builder_version=&#8220;4.22.0&#8243; _module_preset=&#8220;default&#8220; global_colors_info=&#8220;{}&#8220;][et_pb_column type=&#8220;4_4&#8243; _builder_version=&#8220;4.22.0&#8243; _module_preset=&#8220;default&#8220; global_colors_info=&#8220;{}&#8220;][et_pb_post_title meta=&#8220;off&#8220; featured_image=&#8220;off&#8220; _builder_version=&#8220;4.22.0&#8243; _module_preset=&#8220;default&#8220; title_font=&#8220;RocknRoll One||||||||&#8220; title_text_align=&#8220;center&#8220; title_text_color=&#8220;#E09900&#8243; title_font_size=&#8220;50px&#8220; title_font_size_tablet=&#8220;35px&#8220; title_font_size_phone=&#8220;35px&#8220; title_font_size_last_edited=&#8220;on|phone&#8220; global_module=&#8220;727&#8243; saved_tabs=&#8220;all&#8220; global_colors_info=&#8220;{}&#8220;][\/et_pb_post_title][\/et_pb_column][\/et_pb_row][et_pb_row column_structure=&#8220;1_2,1_2&#8243; _builder_version=&#8220;4.27.0&#8243; _module_preset=&#8220;default&#8220; global_colors_info=&#8220;{}&#8220;][et_pb_column type=&#8220;1_2&#8243; _builder_version=&#8220;4.27.0&#8243; _module_preset=&#8220;default&#8220; global_colors_info=&#8220;{}&#8220;][et_pb_text _builder_version=&#8220;4.27.0&#8243; _module_preset=&#8220;default&#8220; custom_padding=&#8220;0px||0px|||&#8220; global_colors_info=&#8220;{}&#8220;]<\/p>\n<p>Wir stellen Ihnen den <a href=\"https:\/\/royaldoodlehaus.com\/de\/category\/welpen-zu-verkaufen\/bernedoodle-welpen\/\">Bernedoodle<\/a> vor, eine besondere Rasse, die f\u00fcr ihr nicht scheuerndes Fell und ihr einzigartiges Design bekannt ist. Diese bezaubernden Hunde sind eine Kreuzung zwischen Berner Sennenhunden und Pudeln, was zu einem hypoallergenen und pflegeleichten Haustier f\u00fchrt. Mit ihren charmanten Pers\u00f6nlichkeiten und ihrem sch\u00f6nen Fell sind Bernedoodles die perfekte Erg\u00e4nzung f\u00fcr jede Familie.<\/p>\n<p>Bernedoodles gibt es in verschiedenen Gr\u00f6\u00dfen, abh\u00e4ngig von der Gr\u00f6\u00dfe des Pudel-Elternteils, das f\u00fcr die Zucht verwendet wurde.<br \/>\nStandard Bernedoodles sind mit einem Gewicht von 23 bis 41 Kilogramm (50 bis 90 Pfund) und einer H\u00f6he von 58 bis 74 Zentimetern (23 bis 29 Zoll) die gr\u00f6\u00dften.<br \/>\nMiniature Bernedoodles sind kleiner, wiegen in der Regel zwischen 11 und 23 Kilogramm (25 bis 50 Pfund) und sind 46 bis 56 Zentimeter (18 bis 22 Zoll) gro\u00df.<br \/>\nEs gibt auch Tiny oder Toy Bernedoodles, die noch kleiner sind. Sie wiegen in der Regel 4 bis 11 Kilogramm (10 bis 25 Pfund) und sind 30 bis 43 Zentimeter (12 bis 17 Zoll) gro\u00df.   <\/p>\n<p>Bernedoodles k\u00f6nnen je nach ihrer genetischen Veranlagung verschiedene Fellarten haben.<br \/>\nDie h\u00e4ufigsten Felltypen sind: <\/p>\n<p><strong>1. Gerade:<\/strong> Dieser Haartyp \u00e4hnelt dem geraden und glatten Haar des Berner Sennenhundes.<br \/><strong>2. Gewellt:<\/strong> Dieser Haartyp hat eine sanfte Welle und ist pflegeleicht bis mittelschwer.<br \/><strong>3. Gelockt:<\/strong> Dieser Haartyp \u00e4hnelt eher einem Pudel, mit dichten Locken.<br \/>\nEs ist in der Regel unbehaart und muss regelm\u00e4\u00dfig gepflegt werden, um Verfilzungen zu vermeiden. <\/p>\n<p>Die Felltypen k\u00f6nnen innerhalb eines Wurfes variieren. Daher ist es wichtig, dass Sie bei der Auswahl eines Bernedoodles Ihre Vorlieben und die spezifischen Merkmale der Elterntiere ber\u00fccksichtigen.<\/p>\n<p>[\/et_pb_text][\/et_pb_column][et_pb_column type=&#8220;1_2&#8243; _builder_version=&#8220;4.27.0&#8243; _module_preset=&#8220;default&#8220; global_colors_info=&#8220;{}&#8220;][et_pb_image src=&#8220;https:\/\/royaldoodlehaus.com\/wp-content\/uploads\/2024\/07\/bernedoodle-mini-size-puppy-blue-merle-female-skateboard-4.jpg&#8220; title_text=&#8220;bernedoodle-mini-size-welpe-blau-merle-weibchen-skateboard-4&#8243; _builder_version=&#8220;4.27.0&#8243; _module_preset=&#8220;default&#8220; global_colors_info=&#8220;{}&#8220;][\/et_pb_image][\/et_pb_column][\/et_pb_row][et_pb_row _builder_version=&#8220;4.27.0&#8243; _module_preset=&#8220;default&#8220; global_colors_info=&#8220;{}&#8220;][et_pb_column type=&#8220;4_4&#8243; _builder_version=&#8220;4.27.0&#8243; _module_preset=&#8220;default&#8220; global_colors_info=&#8220;{}&#8220;][et_pb_text _builder_version=&#8220;4.27.0&#8243; _module_preset=&#8220;default&#8220; global_colors_info=&#8220;{}&#8220;]<\/p>\n<p>Bernedoodles gelten oft als hypoallergen, aber das kann von Hund zu Hund variieren.<br \/>\nIhr nicht haarendes Fell, insbesondere die lockige Variante, kann im Vergleich zu anderen Rassen weniger Allergene und Hautschuppen produzieren.<br \/>\nEs ist jedoch wichtig zu beachten, dass die individuelle Empfindlichkeit gegen\u00fcber Allergenen immer noch variieren kann. Daher sollten Sie einige Zeit mit einem Bernedoodle verbringen, bevor Sie eine Entscheidung treffen, wenn Sie Allergien haben.  <\/p>\n<p>Bernedoodles sind eine Kreuzung zwischen Berner Sennenhunden und Pudeln.<br \/>\nDer Berner Sennenhund ist eine gro\u00dfe und robuste Rasse, die f\u00fcr ihr sanftes Wesen bekannt ist, w\u00e4hrend Pudel in verschiedenen Gr\u00f6\u00dfen (Standard, Miniatur und Toy) erh\u00e4ltlich sind und f\u00fcr ihre Intelligenz und ihr hypoallergenes Fell bekannt sind.<br \/>\nDurch die Kombination dieser beiden Rassen erben Bernedoodles w\u00fcnschenswerte Eigenschaften von beiden Elternteilen.  <\/p>\n<p>[\/et_pb_text][\/et_pb_column][\/et_pb_row][\/et_pb_section]<\/p>\n","protected":false},"excerpt":{"rendered":"<p>Wir stellen Ihnen den Bernedoodle vor, eine besondere Rasse, die f\u00fcr ihr nicht scheuerndes Fell und ihr einzigartiges Design bekannt ist. Diese bezaubernden Hunde sind eine Kreuzung zwischen Berner Sennenhunden und Pudeln, was zu einem hypoallergenen und pflegeleichten Haustier f\u00fchrt. Mit ihren charmanten Pers\u00f6nlichkeiten und ihrem sch\u00f6nen Fell sind Bernedoodles die perfekte Erg\u00e4nzung f\u00fcr jede [&hellip;]<\/p>\n","protected":false},"author":1,"featured_media":1771,"parent":0,"menu_order":0,"comment_status":"closed","ping_status":"closed","template":"","meta":{"_acf_changed":false,"_et_pb_use_builder":"on","_et_pb_old_content":"","_et_gb_content_width":"","ngg_post_thumbnail":0,"footnotes":""},"class_list":["post-2018","page","type-page","status-publish","has-post-thumbnail","hentry"],"acf":[],"_links":{"self":[{"href":"https:\/\/royaldoodlehaus.com\/de\/wp-json\/wp\/v2\/pages\/2018","targetHints":{"allow":["GET"]}}],"collection":[{"href":"https:\/\/royaldoodlehaus.com\/de\/wp-json\/wp\/v2\/pages"}],"about":[{"href":"https:\/\/royaldoodlehaus.com\/de\/wp-json\/wp\/v2\/types\/page"}],"author":[{"embeddable":true,"href":"https:\/\/royaldoodlehaus.com\/de\/wp-json\/wp\/v2\/users\/1"}],"replies":[{"embeddable":true,"href":"https:\/\/royaldoodlehaus.com\/de\/wp-json\/wp\/v2\/comments?post=2018"}],"version-history":[{"count":5,"href":"https:\/\/royaldoodlehaus.com\/de\/wp-json\/wp\/v2\/pages\/2018\/revisions"}],"predecessor-version":[{"id":2905,"href":"https:\/\/royaldoodlehaus.com\/de\/wp-json\/wp\/v2\/pages\/2018\/revisions\/2905"}],"wp:featuredmedia":[{"embeddable":true,"href":"https:\/\/royaldoodlehaus.com\/de\/wp-json\/wp\/v2\/media\/1771"}],"wp:attachment":[{"href":"https:\/\/royaldoodlehaus.com\/de\/wp-json\/wp\/v2\/media?parent=2018"}],"curies":[{"name":"wp","href":"https:\/\/api.w.org\/{rel}","templated":true}]}}