{"id":2019,"date":"2023-09-04T16:45:06","date_gmt":"2023-09-04T16:45:06","guid":{"rendered":"https:\/\/royaldoodlehaus.com\/unser-zuchtprogramm\/"},"modified":"2024-08-04T10:29:30","modified_gmt":"2024-08-04T10:29:30","slug":"unser-zuchtprogramm","status":"publish","type":"page","link":"https:\/\/royaldoodlehaus.com\/de\/unser-zuchtprogramm\/","title":{"rendered":"Unser Zuchtprogramm"},"content":{"rendered":"<p>[et_pb_section fb_built=&#8220;1&#8243; _builder_version=&#8220;4.22.0&#8243; _module_preset=&#8220;default&#8220; custom_padding=&#8220;54px|||||&#8220; global_colors_info=&#8220;{}&#8220;][et_pb_row _builder_version=&#8220;4.22.0&#8243; _module_preset=&#8220;default&#8220; custom_padding=&#8220;37px|||||&#8220; global_colors_info=&#8220;{}&#8220;][et_pb_column type=&#8220;4_4&#8243; _builder_version=&#8220;4.22.0&#8243; _module_preset=&#8220;default&#8220; global_colors_info=&#8220;{}&#8220;][et_pb_post_title meta=&#8220;off&#8220; featured_image=&#8220;off&#8220; _builder_version=&#8220;4.22.0&#8243; _module_preset=&#8220;default&#8220; title_font=&#8220;RocknRoll One||||||||&#8220; title_text_align=&#8220;center&#8220; title_text_color=&#8220;#E09900&#8243; title_font_size=&#8220;50px&#8220; title_font_size_tablet=&#8220;35px&#8220; title_font_size_phone=&#8220;25px&#8220; title_font_size_last_edited=&#8220;on|phone&#8220; global_module=&#8220;727&#8243; saved_tabs=&#8220;all&#8220; global_colors_info=&#8220;{}&#8220;][\/et_pb_post_title][\/et_pb_column][\/et_pb_row][et_pb_row _builder_version=&#8220;4.27.0&#8243; _module_preset=&#8220;default&#8220; column_structure=&#8220;1_2,1_2&#8243;][et_pb_column _builder_version=&#8220;4.27.0&#8243; _module_preset=&#8220;default&#8220; type=&#8220;1_2&#8243;][et_pb_image src=&#8220;https:\/\/royaldoodlehaus.com\/wp-content\/uploads\/2024\/08\/bernedoodle-mini-size-puppy-red-brown-white-tricolour-blue-eyed-male-2-months.jpg&#8220; _builder_version=&#8220;4.27.0&#8243; _module_preset=&#8220;default&#8220; alt=&#8220;Kleiner, roter, brauner und wei\u00dfer dreifarbiger Bernedoodle Welpe&#8220; title_text=&#8220;bernedoodle-mini-size-welpe-rot-braun-wei\u00df-tricolour-blau\u00e4ugig-m\u00e4nnlich-2-monate&#8220; hover_enabled=&#8220;0&#8243; sticky_enabled=&#8220;0&#8243;][\/et_pb_image][\/et_pb_column][et_pb_column _builder_version=&#8220;4.27.0&#8243; _module_preset=&#8220;default&#8220; type=&#8220;1_2&#8243;][et_pb_text _builder_version=&#8220;4.27.0&#8243; _module_preset=&#8220;default&#8220; hover_enabled=&#8220;0&#8243; global_colors_info=&#8220;{}&#8220; sticky_enabled=&#8220;0&#8243;]<\/p>\n<p>In unserer Zuchtst\u00e4tte finden Sie einzigartige Hunderassen mit exklusiven Designs, die nur schwer zu finden sind. Unser Zuchtprogramm bietet auch Hunde von hoher Qualit\u00e4t und seltenen Farben als erste in Europa, Israel, den Vereinigten Arabischen Emiraten und vielen anderen L\u00e4ndern.<\/p>\n<p><strong>1. Kompetenz:<\/strong> Dank unserer langj\u00e4hrigen Erfahrung in der Zucht von Bernedoodles, Goldendoodles, Labradoodles und Riesenpudeln verf\u00fcgen wir \u00fcber ein tiefes Verst\u00e4ndnis f\u00fcr diese Rassen und ihre spezifischen Bed\u00fcrfnisse.<\/p>\n<p><strong>2. Importierte Hunde:<\/strong> Ihre Hunde stammen von seri\u00f6sen Z\u00fcchtern in den USA, Russland, China, Korea und Ungarn, die eine erstklassige Genetik und vielf\u00e4ltige Blutlinien gew\u00e4hrleisten.<\/p>\n<p><strong>3. Hypoallergene Rassen:<\/strong> Unser Schwerpunkt liegt auf hypoallergenen Rassen, d.h., dass Allergiker die Gesellschaft eines Hundes genie\u00dfen k\u00f6nnen, ohne allergische Reaktionen auszul\u00f6sen.<\/p>\n<p><strong>4. Gesundheitstests:<\/strong> Alle unsere Hunde werden gr\u00fcndlichen Gesundheitstests unterzogen, um sicherzustellen, dass sie frei von genetischen St\u00f6rungen sind, was potenziellen K\u00e4ufern Sicherheit gibt.<\/p>\n<p><strong>5. Gesundheitsgarantie:<\/strong> Wir bieten eine schriftliche Gesundheitsgarantie, die unseren Kunden versichert, dass ihr neues pelziges Familienmitglied bei guter Gesundheit ist und gut versorgt wird.<\/p>\n<p><strong>6. Pers\u00f6nlicher Service:<\/strong> Wir betreuen jeden Kunden individuell und f\u00fchren ihn durch den Prozess der Auswahl des richtigen Hundes, der zu seinem Lebensstil und seinen Vorlieben passt.<\/p>\n<p><strong>7. Unterst\u00fctzung und Ausbildung:<\/strong> Wir bieten unseren Kunden fortlaufende Unterst\u00fctzung und Ressourcen an und helfen ihnen beim Training, bei der Pflege und bei allen Fragen oder Bedenken, die sie als neue Hundebesitzer haben.<\/p>\n<p>[\/et_pb_text][\/et_pb_column][\/et_pb_row][\/et_pb_section]<\/p>\n","protected":false},"excerpt":{"rendered":"<p>In unserer Zuchtst\u00e4tte finden Sie einzigartige Hunderassen mit exklusiven Designs, die nur schwer zu finden sind. Unser Zuchtprogramm bietet auch Hunde von hoher Qualit\u00e4t und seltenen Farben als erste in Europa, Israel, den Vereinigten Arabischen Emiraten und vielen anderen L\u00e4ndern. 1. Kompetenz: Dank unserer langj\u00e4hrigen Erfahrung in der Zucht von Bernedoodles, Goldendoodles, Labradoodles und Riesenpudeln [&hellip;]<\/p>\n","protected":false},"author":1,"featured_media":0,"parent":0,"menu_order":0,"comment_status":"closed","ping_status":"closed","template":"","meta":{"_acf_changed":false,"_et_pb_use_builder":"on","_et_pb_old_content":"","_et_gb_content_width":"","ngg_post_thumbnail":0,"footnotes":""},"class_list":["post-2019","page","type-page","status-publish","hentry"],"acf":[],"_links":{"self":[{"href":"https:\/\/royaldoodlehaus.com\/de\/wp-json\/wp\/v2\/pages\/2019","targetHints":{"allow":["GET"]}}],"collection":[{"href":"https:\/\/royaldoodlehaus.com\/de\/wp-json\/wp\/v2\/pages"}],"about":[{"href":"https:\/\/royaldoodlehaus.com\/de\/wp-json\/wp\/v2\/types\/page"}],"author":[{"embeddable":true,"href":"https:\/\/royaldoodlehaus.com\/de\/wp-json\/wp\/v2\/users\/1"}],"replies":[{"embeddable":true,"href":"https:\/\/royaldoodlehaus.com\/de\/wp-json\/wp\/v2\/comments?post=2019"}],"version-history":[{"count":2,"href":"https:\/\/royaldoodlehaus.com\/de\/wp-json\/wp\/v2\/pages\/2019\/revisions"}],"predecessor-version":[{"id":2026,"href":"https:\/\/royaldoodlehaus.com\/de\/wp-json\/wp\/v2\/pages\/2019\/revisions\/2026"}],"wp:attachment":[{"href":"https:\/\/royaldoodlehaus.com\/de\/wp-json\/wp\/v2\/media?parent=2019"}],"curies":[{"name":"wp","href":"https:\/\/api.w.org\/{rel}","templated":true}]}}