{"id":2024,"date":"2023-09-04T16:27:35","date_gmt":"2023-09-04T16:27:35","guid":{"rendered":"https:\/\/royaldoodlehaus.com\/aussiedoodle-australian-mountain-bernedoodle\/"},"modified":"2024-08-19T11:17:43","modified_gmt":"2024-08-19T11:17:43","slug":"aussiedoodle-australian-mountain-bernedoodle","status":"publish","type":"page","link":"https:\/\/royaldoodlehaus.com\/de\/aussiedoodle-australian-mountain-bernedoodle\/","title":{"rendered":"Der Aussiedoodle &amp; Australian Mountain Bernedoodle"},"content":{"rendered":"<p>[et_pb_section fb_built=&#8220;1&#8243; _builder_version=&#8220;4.22.0&#8243; _module_preset=&#8220;default&#8220; global_colors_info=&#8220;{}&#8220;][et_pb_row _builder_version=&#8220;4.27.0&#8243; _module_preset=&#8220;default&#8220; global_colors_info=&#8220;{}&#8220;][et_pb_column type=&#8220;4_4&#8243; _builder_version=&#8220;4.22.0&#8243; _module_preset=&#8220;default&#8220; global_colors_info=&#8220;{}&#8220;][et_pb_post_title meta=&#8220;off&#8220; featured_image=&#8220;off&#8220; _builder_version=&#8220;4.22.0&#8243; _module_preset=&#8220;default&#8220; title_font=&#8220;RocknRoll One||||||||&#8220; title_text_align=&#8220;center&#8220; title_text_color=&#8220;#E09900&#8243; title_font_size=&#8220;50px&#8220; title_font_size_tablet=&#8220;35px&#8220; title_font_size_phone=&#8220;35px&#8220; title_font_size_last_edited=&#8220;on|phone&#8220; global_module=&#8220;727&#8243; saved_tabs=&#8220;all&#8220; global_colors_info=&#8220;{}&#8220;][\/et_pb_post_title][et_pb_image _builder_version=&#8220;4.27.0&#8243; _module_preset=&#8220;default&#8220; global_colors_info=&#8220;{}&#8220;][\/et_pb_image][\/et_pb_column][\/et_pb_row][et_pb_row column_structure=&#8220;1_2,1_2&#8243; _builder_version=&#8220;4.27.0&#8243; _module_preset=&#8220;default&#8220; global_colors_info=&#8220;{}&#8220;][et_pb_column type=&#8220;1_2&#8243; _builder_version=&#8220;4.27.0&#8243; _module_preset=&#8220;default&#8220; global_colors_info=&#8220;{}&#8220;][et_pb_text _builder_version=&#8220;4.27.0&#8243; _module_preset=&#8220;default&#8220; custom_padding=&#8220;||0px|||&#8220; custom_css_main_element=&#8220;\t||float:left;&#8220; global_colors_info=&#8220;{}&#8220;]<\/p>\n<p>Aussiedoodles und Australian Mountain Bernedoodles sind Hybridhunderassen.<br \/>\nEin Aussiedoodle ist eine Kreuzung zwischen einem Australian Shepherd und einem Pudel, w\u00e4hrend ein Australian Mountain Bernedoodle eine Mischung aus einem Australian Mountain Dog (keine anerkannte Rasse) und einem Berner Sennenhund mit Pudel ist.<br \/>\nDiese Mischlinge sind f\u00fcr ihre Intelligenz und Loyalit\u00e4t bekannt und haben aufgrund des Pudel-Einflusses oft ein wenig haariges Fell.  <\/p>\n<p style=\"text-align: left;\">Das Temperament von Aussiedoodles und Australian Mountain Bernedoodles kann je nach Hund und den von den Elterntieren geerbten Eigenschaften variieren.<br \/>\nIm Allgemeinen sind sie jedoch intelligent, freundlich und trainierbar, \u00e4hnlich wie Standard- und Riesenpudel.<br \/>\nSie k\u00f6nnen auch Eigenschaften ihrer jeweiligen Elternrassen aufweisen, wie z.B. den H\u00fcteinstinkt bei Aussiedoodles und das ruhige und sanfte Wesen der Berner Sennenhunde bei Australian Mountain Bernedoodles.<br \/>\nRichtige Sozialisierung und Training sind f\u00fcr jeden Mischlingshund wichtig, um ein abgerundetes Temperament zu gew\u00e4hrleisten.   <\/p>\n<p>Aussiedoodles und Australian Mountain Bernedoodles k\u00f6nnen gut mit Kindern umgehen, aber das h\u00e4ngt letztlich vom Temperament des jeweiligen Hundes und seiner fr\u00fchen Sozialisierung ab.<br \/>\nBeide Rassen sind im Allgemeinen als freundlich und sanftm\u00fctig bekannt, was sie zu geeigneten Begleitern f\u00fcr Kinder machen kann.<br \/>\nEs ist jedoch wichtig, die Interaktionen zwischen Hunden und Kindern zu \u00fcberwachen und Kindern beizubringen, wie man richtig mit Hunden umgeht und sie respektiert, um eine positive und sichere Umgebung f\u00fcr alle Beteiligten zu schaffen.  <\/p>\n<p>[\/et_pb_text][\/et_pb_column][et_pb_column type=&#8220;1_2&#8243; _builder_version=&#8220;4.27.0&#8243; _module_preset=&#8220;default&#8220; global_colors_info=&#8220;{}&#8220;][et_pb_image src=&#8220;https:\/\/royaldoodlehaus.com\/wp-content\/uploads\/2024\/07\/sandra-aussiedoodle-female-standard-size-4-months-blue-merle-with-white-marks-one-eye-blue-fully-vaccinated-fully-trained-9.jpg&#8220; alt=&#8220;Blau\u00e4ugiger Aussiedoodle-Welpe mit heraush\u00e4ngender Zunge sitzt auf einem lila Teppich neben einem Blumenstrau\u00df&#8220; title_text=&#8220;sandra-aussiedoodle-weiblich-standard-gr\u00f6\u00dfe-4-monate-blau-merle-mit-wei\u00dfen-marken-ein-auge-blau-voll-geimpft-voll-trainiert-9&#8243; _builder_version=&#8220;4.27.0&#8243; _module_preset=&#8220;default&#8220; width=&#8220;89%&#8220; global_colors_info=&#8220;{}&#8220;][\/et_pb_image][\/et_pb_column][\/et_pb_row][et_pb_row _builder_version=&#8220;4.27.0&#8243; _module_preset=&#8220;default&#8220; global_colors_info=&#8220;{}&#8220;][et_pb_column type=&#8220;4_4&#8243; _builder_version=&#8220;4.27.0&#8243; _module_preset=&#8220;default&#8220; global_colors_info=&#8220;{}&#8220;][et_pb_text _builder_version=&#8220;4.27.0&#8243; _module_preset=&#8220;default&#8220; global_colors_info=&#8220;{}&#8220;]<\/p>\n<p><a href=\"https:\/\/royaldoodlehaus.com\/de\/category\/welpen-zu-verkaufen\/aussiedoodle-welpen\/\">Aussiedoodles<\/a> gibt es in einer Vielzahl von Farben, darunter schwarz, blue merle, red merle, chocolate und parti-color (wei\u00df mit Flecken einer anderen Farbe). Australian Mountain Bernedoodles, die eine Mischung aus Berner Sennenhunden und Pudeln sind, k\u00f6nnen die Farben beider Elternrassen erben, die typischerweise schwarze, braune und wei\u00dfe Abzeichen umfassen. Die spezifischen Farben und Muster k\u00f6nnen bei jedem einzelnen Hund variieren. Die Gr\u00f6\u00dfe eines Aussiedoodles kann je nach Gr\u00f6\u00dfe des Pudels variieren.<\/p>\n<p>Pudel gibt es in drei verschiedenen anerkannten Gr\u00f6\u00dfen: Standard, Miniatur und Toy.<br \/>\nStandardpudel sind die gr\u00f6\u00dften und haben in der Regel eine Schulterh\u00f6he von mehr als 38 cm (15 Zoll).<br \/>\nMiniaturpudel sind kleiner und haben in der Regel eine Schulterh\u00f6he von 25-38 cm (10 bis 15 Zoll).<br \/>\nToy Pudel sind die kleinsten und haben eine Schulterh\u00f6he von weniger als 25 cm (10 Zoll).   <\/p>\n<p>[\/et_pb_text][\/et_pb_column][\/et_pb_row][\/et_pb_section]<\/p>\n","protected":false},"excerpt":{"rendered":"<p>Aussiedoodles und Australian Mountain Bernedoodles sind Hybridhunderassen. Ein Aussiedoodle ist eine Kreuzung zwischen einem Australian Shepherd und einem Pudel, w\u00e4hrend ein Australian Mountain Bernedoodle eine Mischung aus einem Australian Mountain Dog (keine anerkannte Rasse) und einem Berner Sennenhund mit Pudel ist. Diese Mischlinge sind f\u00fcr ihre Intelligenz und Loyalit\u00e4t bekannt und haben aufgrund des Pudel-Einflusses [&hellip;]<\/p>\n","protected":false},"author":1,"featured_media":0,"parent":0,"menu_order":0,"comment_status":"closed","ping_status":"closed","template":"","meta":{"_acf_changed":false,"_et_pb_use_builder":"on","_et_pb_old_content":"","_et_gb_content_width":"","ngg_post_thumbnail":0,"footnotes":""},"class_list":["post-2024","page","type-page","status-publish","hentry"],"acf":[],"_links":{"self":[{"href":"https:\/\/royaldoodlehaus.com\/de\/wp-json\/wp\/v2\/pages\/2024","targetHints":{"allow":["GET"]}}],"collection":[{"href":"https:\/\/royaldoodlehaus.com\/de\/wp-json\/wp\/v2\/pages"}],"about":[{"href":"https:\/\/royaldoodlehaus.com\/de\/wp-json\/wp\/v2\/types\/page"}],"author":[{"embeddable":true,"href":"https:\/\/royaldoodlehaus.com\/de\/wp-json\/wp\/v2\/users\/1"}],"replies":[{"embeddable":true,"href":"https:\/\/royaldoodlehaus.com\/de\/wp-json\/wp\/v2\/comments?post=2024"}],"version-history":[{"count":5,"href":"https:\/\/royaldoodlehaus.com\/de\/wp-json\/wp\/v2\/pages\/2024\/revisions"}],"predecessor-version":[{"id":2907,"href":"https:\/\/royaldoodlehaus.com\/de\/wp-json\/wp\/v2\/pages\/2024\/revisions\/2907"}],"wp:attachment":[{"href":"https:\/\/royaldoodlehaus.com\/de\/wp-json\/wp\/v2\/media?parent=2024"}],"curies":[{"name":"wp","href":"https:\/\/api.w.org\/{rel}","templated":true}]}}