{"id":2029,"date":"2023-09-13T20:18:53","date_gmt":"2023-09-13T20:18:53","guid":{"rendered":"https:\/\/royaldoodlehaus.com\/ueber-uns\/"},"modified":"2024-08-04T16:01:52","modified_gmt":"2024-08-04T16:01:52","slug":"ueber-uns","status":"publish","type":"page","link":"https:\/\/royaldoodlehaus.com\/de\/ueber-uns\/","title":{"rendered":"\u00dcber Royal Doodle Haus"},"content":{"rendered":"<p>[et_pb_section fb_built=&#8220;1&#8243; admin_label=&#8220;Header&#8220; _builder_version=&#8220;4.16&#8243; _module_preset=&#8220;default&#8220; background_color=&#8220;#FCF5ED&#8220; background_enable_image=&#8220;off&#8220; locked=&#8220;off&#8220; global_colors_info=&#8220;{}&#8220;][et_pb_row _builder_version=&#8220;4.16&#8243; _module_preset=&#8220;default&#8220; global_colors_info=&#8220;{}&#8220;][et_pb_column type=&#8220;4_4&#8243; _builder_version=&#8220;4.16&#8243; _module_preset=&#8220;default&#8220; global_colors_info=&#8220;{}&#8220;][et_pb_text _builder_version=&#8220;4.16&#8243; _module_preset=&#8220;b0bf5418-994a-43d1-aef8-7d7c6764119d&#8220; header_font=&#8220;RocknRoll One||||||||&#8220; header_text_color=&#8220;#2c2b4c&#8220; header_font_size=&#8220;80px&#8220; header_line_height=&#8220;1.2em&#8220; header_font_size_tablet=&#8220;40px&#8220; header_font_size_phone=&#8220;24px&#8220; header_font_size_last_edited=&#8220;on|desktop&#8220; header_line_height_tablet=&#8220;&#8220; header_line_height_phone=&#8220;1.4em&#8220; header_line_height_last_edited=&#8220;on|phone&#8220; global_colors_info=&#8220;{}&#8220;]<\/p>\n<h1>\u00dcber Royal Doodle Haus<\/h1>\n<p>[\/et_pb_text][\/et_pb_column][\/et_pb_row][et_pb_row column_structure=&#8220;1_2,1_2&#8243; _builder_version=&#8220;4.16&#8243; _module_preset=&#8220;default&#8220; global_colors_info=&#8220;{}&#8220;][et_pb_column type=&#8220;1_2&#8243; _builder_version=&#8220;4.16&#8243; _module_preset=&#8220;default&#8220; global_colors_info=&#8220;{}&#8220;][et_pb_image src=&#8220;https:\/\/royaldoodlehaus.com\/wp-content\/uploads\/2023\/09\/nggallery_import\/Giant-Royal-Poodle-Male-0423-1516_03.jpg&#8220; alt=&#8220;Ein m\u00e4nnlicher Giant Royal Pudel in Smokingfarbe und Standardgr\u00f6\u00dfe sa\u00df auf einem Tisch neben einer l\u00e4chelnden Frau.&#8220; title_text=&#8220;Giant-Royal-Poodle-Male-0423-1516_03&#8243; _builder_version=&#8220;4.27.0&#8243; _module_preset=&#8220;default&#8220; background_color=&#8220;#2c2b4c&#8220; background_image=&#8220;https:\/\/dev.royaldoodlehaus.com\/wp-content\/uploads\/2023\/09\/dog-breeder-illustration-2.png&#8220; locked=&#8220;off&#8220; global_colors_info=&#8220;{}&#8220;][\/et_pb_image][\/et_pb_column][et_pb_column type=&#8220;1_2&#8243; _builder_version=&#8220;4.16&#8243; _module_preset=&#8220;default&#8220; global_colors_info=&#8220;{}&#8220;][et_pb_text _builder_version=&#8220;4.22.0&#8243; _module_preset=&#8220;2e1ca0a8-a515-4ca3-8814-65eea4b82393&#8243; text_font=&#8220;||||||||&#8220; text_text_color=&#8220;gcid-70e8f1e6-78eb-4f52-a811-0c9b614afdc2&#8243; text_line_height=&#8220;2em&#8220; link_text_color=&#8220;#6D6A7E&#8220; max_width_tablet=&#8220;350px&#8220; max_width_phone=&#8220;200px&#8220; max_width_last_edited=&#8220;off|desktop&#8220; text_font_size_tablet=&#8220;20px&#8220; text_font_size_phone=&#8220;18px&#8220; text_font_size_last_edited=&#8220;off|desktop&#8220; global_colors_info=&#8220;{%22gcid-70e8f1e6-78eb-4f52-a811-0c9b614afdc2%22:%91%93}&#8220;]<\/p>\n<p>Meine Familie ist seit mehr als 20 Jahren engagierte Hundez\u00fcchterin. Unsere Zuchtst\u00e4tte, Royal Doodle Haus, ist ein Beweis f\u00fcr unsere Leidenschaft und unser Engagement, gesunde und gl\u00fcckliche Welpen zu z\u00fcchten.<\/p>\n<p>Durch die sorgf\u00e4ltige Auswahl der Zuchtpaare und die hervorragende Pflege haben wir uns den Ruf erworben, Hunde von h\u00f6chster Qualit\u00e4t zu produzieren, die von Familien im ganzen Land gesch\u00e4tzt werden.<\/p>\n<p>Unser Zuchtprogramm ist ein strukturierter Plan f\u00fcr die Zucht von Hunden, der darauf abzielt, Welpen zu produzieren, die bestimmte Standards in Bezug auf ihr Temperament, ihre k\u00f6rperlichen Eigenschaften und ihre allgemeine Gesundheit erf\u00fcllen. Dieses Programm beinhaltet die sorgf\u00e4ltige Auswahl von Zuchtpaaren, die sich in Bezug auf ihre Genetik und ihre Eigenschaften gegenseitig erg\u00e4nzen. Zum Zuchtprogramm geh\u00f6ren auch regelm\u00e4\u00dfige tier\u00e4rztliche Untersuchungen, Gesundheitstests und die richtige Ern\u00e4hrung der Hunde.<\/p>\n<p>[\/et_pb_text][\/et_pb_column][\/et_pb_row][et_pb_row column_structure=&#8220;1_2,1_2&#8243; _builder_version=&#8220;4.27.0&#8243; _module_preset=&#8220;default&#8220; global_colors_info=&#8220;{}&#8220;][et_pb_column type=&#8220;1_2&#8243; _builder_version=&#8220;4.27.0&#8243; _module_preset=&#8220;default&#8220; global_colors_info=&#8220;{}&#8220;][et_pb_text _builder_version=&#8220;4.27.0&#8243; _module_preset=&#8220;default&#8220; global_colors_info=&#8220;{}&#8220;]<\/p>\n<p>Unser Zuchtprogramm stellt das Wohlergehen der Hunde an erste Stelle und stellt sicher, dass die Welpen gut sozialisiert und versorgt werden, bevor sie in ihr endg\u00fcltiges Zuhause kommen. Dar\u00fcber hinaus beteiligen sich seri\u00f6se Z\u00fcchter an rassespezifischen Organisationen, die Ausbildung, Training und Unterst\u00fctzung anbieten, um ihre Zuchtpraktiken zu verbessern und gesunde Hundepopulationen zu f\u00f6rdern.<\/p>\n<p>Die Pflege von Hunden umfasst mehrere Elemente, darunter:<\/p>\n<ul>\n<li>F\u00fcttern Sie sie mit einer ausgewogenen Ern\u00e4hrung, die ihren N\u00e4hrstoffbedarf deckt.<\/li>\n<li>Jederzeit frisches, sauberes Wasser zur Verf\u00fcgung stellen<\/li>\n<li>Regelm\u00e4\u00dfige Bewegung, um sie k\u00f6rperlich und geistig zu stimulieren<\/li>\n<li>Regelm\u00e4\u00dfige Pflege, um ihr Fell und ihre N\u00e4gel gesund zu halten<\/li>\n<li>Eine angemessene Gesundheitsversorgung, einschlie\u00dflich Impfungen, regelm\u00e4\u00dfiger Vorsorgeuntersuchungen und Notfallversorgung bei Bedarf<\/li>\n<\/ul>\n<p>[\/et_pb_text][\/et_pb_column][et_pb_column type=&#8220;1_2&#8243; _builder_version=&#8220;4.27.0&#8243; _module_preset=&#8220;default&#8220; global_colors_info=&#8220;{}&#8220;][et_pb_image src=&#8220;https:\/\/royaldoodlehaus.com\/wp-content\/uploads\/2023\/09\/nggallery_import\/Giant-Royal-Poodle-Male-0423-1516_01.jpg&#8220; alt=&#8220;Frau mit zwei, m\u00e4nnlichen Giant Royal Pudeln&#8220; title_text=&#8220;Giant-Royal-Poodle-Male-0423-1516_01&#8243; _builder_version=&#8220;4.27.0&#8243; _module_preset=&#8220;default&#8220; global_colors_info=&#8220;{}&#8220;][\/et_pb_image][\/et_pb_column][\/et_pb_row][\/et_pb_section][et_pb_section fb_built=&#8220;1&#8243; admin_label=&#8220;Features&#8220; _builder_version=&#8220;4.16&#8243; _module_preset=&#8220;default&#8220; background_color=&#8220;#FCF5ED&#8220; locked=&#8220;off&#8220; global_colors_info=&#8220;{}&#8220;][et_pb_row column_structure=&#8220;1_4,1_4,1_4,1_4&#8243; _builder_version=&#8220;4.16&#8243; _module_preset=&#8220;default&#8220; global_colors_info=&#8220;{}&#8220;][et_pb_column type=&#8220;1_4&#8243; _builder_version=&#8220;4.16&#8243; _module_preset=&#8220;default&#8220; global_colors_info=&#8220;{}&#8220;][et_pb_blurb title=&#8220;Wachstum mit Liebe &amp; Sorgfalt&#8220; image=&#8220;https:\/\/dev.royaldoodlehaus.com\/wp-content\/uploads\/2023\/09\/dog-breeder-icon-08.png&#8220; _builder_version=&#8220;4.22.0&#8243; _module_preset=&#8220;default&#8220; header_font=&#8220;RocknRoll One||||||||&#8220; header_text_color=&#8220;#2c2b4c&#8220; header_line_height=&#8220;1.2em&#8220; body_text_color=&#8220;#6d6a7e&#8220; body_line_height=&#8220;2em&#8220; text_orientation=&#8220;center&#8220; header_font_size_tablet=&#8220;16px&#8220; header_font_size_phone=&#8220;&#8220; header_font_size_last_edited=&#8220;on|phone&#8220; global_colors_info=&#8220;{%22gcid-431bd12a-5227-4536-9132-2528c0596703%22:%91%93,%22gcid-70e8f1e6-78eb-4f52-a811-0c9b614afdc2%22:%91%93}&#8220;]<\/p>\n<p>Gesundheitsgarantie<\/p>\n<p>[\/et_pb_blurb][\/et_pb_column][et_pb_column type=&#8220;1_4&#8243; _builder_version=&#8220;4.16&#8243; _module_preset=&#8220;default&#8220; global_colors_info=&#8220;{}&#8220;][et_pb_blurb title=&#8220;Alle Pr\u00fcfungen inbegriffen&#8220; image=&#8220;https:\/\/dev.royaldoodlehaus.com\/wp-content\/uploads\/2023\/09\/dog-breeder-icon-07.png&#8220; _builder_version=&#8220;4.22.0&#8243; _module_preset=&#8220;default&#8220; header_font=&#8220;RocknRoll One||||||||&#8220; header_text_color=&#8220;#2c2b4c&#8220; header_line_height=&#8220;1.2em&#8220; body_text_color=&#8220;#6d6a7e&#8220; body_line_height=&#8220;2em&#8220; text_orientation=&#8220;center&#8220; header_font_size_tablet=&#8220;16px&#8220; header_font_size_phone=&#8220;&#8220; header_font_size_last_edited=&#8220;on|phone&#8220; locked=&#8220;off&#8220; global_colors_info=&#8220;{%22gcid-431bd12a-5227-4536-9132-2528c0596703%22:%91%93,%22gcid-70e8f1e6-78eb-4f52-a811-0c9b614afdc2%22:%91%93}&#8220;][\/et_pb_blurb][\/et_pb_column][et_pb_column type=&#8220;1_4&#8243; _builder_version=&#8220;4.16&#8243; _module_preset=&#8220;default&#8220; global_colors_info=&#8220;{}&#8220;][et_pb_blurb title=&#8220;Wir bieten Gl\u00fcck und Freude in Ihrem Leben&#8220; image=&#8220;https:\/\/dev.royaldoodlehaus.com\/wp-content\/uploads\/2023\/09\/dog-breeder-icon-01.png&#8220; _builder_version=&#8220;4.22.0&#8243; _module_preset=&#8220;default&#8220; header_font=&#8220;RocknRoll One||||||||&#8220; header_text_color=&#8220;#2c2b4c&#8220; header_line_height=&#8220;1.2em&#8220; body_text_color=&#8220;#6d6a7e&#8220; body_line_height=&#8220;2em&#8220; text_orientation=&#8220;center&#8220; header_font_size_tablet=&#8220;16px&#8220; header_font_size_phone=&#8220;&#8220; header_font_size_last_edited=&#8220;on|phone&#8220; locked=&#8220;off&#8220; global_colors_info=&#8220;{%22gcid-431bd12a-5227-4536-9132-2528c0596703%22:%91%93,%22gcid-70e8f1e6-78eb-4f52-a811-0c9b614afdc2%22:%91%93}&#8220;][\/et_pb_blurb][\/et_pb_column][et_pb_column type=&#8220;1_4&#8243; _builder_version=&#8220;4.16&#8243; _module_preset=&#8220;default&#8220; global_colors_info=&#8220;{}&#8220;][et_pb_blurb title=&#8220;Beste Wahl, \u00fcber 20 Jahre Erfahrung&#8220; image=&#8220;https:\/\/dev.royaldoodlehaus.com\/wp-content\/uploads\/2023\/09\/dog-breeder-icon-06.png&#8220; _builder_version=&#8220;4.22.0&#8243; _module_preset=&#8220;default&#8220; header_font=&#8220;RocknRoll One||||||||&#8220; header_text_color=&#8220;#2c2b4c&#8220; header_line_height=&#8220;1.2em&#8220; body_text_color=&#8220;#6d6a7e&#8220; body_line_height=&#8220;2em&#8220; text_orientation=&#8220;center&#8220; header_font_size_tablet=&#8220;16px&#8220; header_font_size_phone=&#8220;&#8220; header_font_size_last_edited=&#8220;on|phone&#8220; locked=&#8220;off&#8220; global_colors_info=&#8220;{%22gcid-431bd12a-5227-4536-9132-2528c0596703%22:%91%93,%22gcid-70e8f1e6-78eb-4f52-a811-0c9b614afdc2%22:%91%93}&#8220;][\/et_pb_blurb][\/et_pb_column][\/et_pb_row][\/et_pb_section][et_pb_section fb_built=&#8220;1&#8243; admin_label=&#8220;About&#8220; _builder_version=&#8220;4.16&#8243; _module_preset=&#8220;default&#8220; background_color=&#8220;#FCF5ED&#8220; background_enable_image=&#8220;off&#8220; locked=&#8220;off&#8220; global_colors_info=&#8220;{}&#8220;][et_pb_row column_structure=&#8220;1_2,1_2&#8243; _builder_version=&#8220;4.16&#8243; _module_preset=&#8220;default&#8220; global_colors_info=&#8220;{}&#8220;][et_pb_column type=&#8220;1_2&#8243; _builder_version=&#8220;4.16&#8243; _module_preset=&#8220;default&#8220; global_colors_info=&#8220;{}&#8220;][et_pb_text _builder_version=&#8220;4.16&#8243; _module_preset=&#8220;c3c1179e-80e4-4396-b700-51b845e1c46f&#8220; header_2_font=&#8220;RocknRoll One||||||||&#8220; header_2_text_color=&#8220;#2c2b4c&#8220; header_2_font_size=&#8220;40px&#8220; header_2_line_height=&#8220;1.2em&#8220; custom_margin=&#8220;||||false|false&#8220; header_2_font_size_tablet=&#8220;32px&#8220; header_2_font_size_phone=&#8220;20px&#8220; header_2_font_size_last_edited=&#8220;on|desktop&#8220; header_2_line_height_tablet=&#8220;&#8220; header_2_line_height_phone=&#8220;1.4em&#8220; header_2_line_height_last_edited=&#8220;on|phone&#8220; locked=&#8220;off&#8220; global_colors_info=&#8220;{}&#8220;]<\/p>\n<h2>Unser Auftrag<\/h2>\n<p>[\/et_pb_text][et_pb_text _builder_version=&#8220;4.22.0&#8243; _module_preset=&#8220;2e1ca0a8-a515-4ca3-8814-65eea4b82393&#8243; text_font=&#8220;||||||||&#8220; text_text_color=&#8220;#6D6A7E&#8220; text_line_height=&#8220;2em&#8220; link_text_color=&#8220;#6D6A7E&#8220; max_width_tablet=&#8220;350px&#8220; max_width_phone=&#8220;200px&#8220; max_width_last_edited=&#8220;off|desktop&#8220; text_font_size_tablet=&#8220;20px&#8220; text_font_size_phone=&#8220;18px&#8220; text_font_size_last_edited=&#8220;off|desktop&#8220; locked=&#8220;off&#8220; global_colors_info=&#8220;{%22gcid-70e8f1e6-78eb-4f52-a811-0c9b614afdc2%22:%91%93}&#8220;]<\/p>\n<ul>\n<li>Sozialisierung mit Menschen und anderen Hunden, um positive Beziehungen aufzubauen<\/li>\n<li>Sie trainieren sie mit positiven Verst\u00e4rkungstechniken, um eine starke Bindung zwischen dem Hund und seinem Besitzer aufzubauen.<\/li>\n<li>Bereitstellung eines sicheren, komfortablen Lebensumfelds, das ihr physisches und emotionales Wohlbefinden sch\u00fctzt<\/li>\n<\/ul>\n<p>Die Pflege von Hunden ist eine lebenslange Verpflichtung, die von ihren Besitzern Aufmerksamkeit, M\u00fche und Geduld erfordert. Die richtige Pflege von Hunden tr\u00e4gt dazu bei, dass sie ein langes, gesundes und gl\u00fcckliches Leben als treue Gef\u00e4hrten f\u00fchren k\u00f6nnen.<\/p>\n<p>[\/et_pb_text][et_pb_button button_url=&#8220;https:\/\/royaldoodlehaus.com\/de\/category\/welpen-zu-verkaufen\/&#8220; button_text=&#8220;Welpen durchsuchen&#8220; _builder_version=&#8220;4.27.0&#8243; _module_preset=&#8220;015e926e-70df-4745-bb80-f7c6873c977b&#8220; custom_button=&#8220;on&#8220; button_text_size=&#8220;14px&#8220; button_text_color=&#8220;#000000&#8243; button_bg_color=&#8220;#FFB100&#8243; button_border_width=&#8220;0px&#8220; button_border_radius=&#8220;6px&#8220; button_letter_spacing=&#8220;4px&#8220; button_font=&#8220;|700||on|||||&#8220; custom_padding=&#8220;20px|40px|20px|40px|true|true&#8220; box_shadow_style=&#8220;preset3&#8243; box_shadow_vertical=&#8220;20px&#8220; box_shadow_blur=&#8220;40px&#8220; box_shadow_spread=&#8220;0px&#8220; box_shadow_color=&#8220;rgba(255,177,0,0.15)&#8220; global_colors_info=&#8220;{}&#8220;][\/et_pb_button][\/et_pb_column][et_pb_column type=&#8220;1_2&#8243; _builder_version=&#8220;4.16&#8243; _module_preset=&#8220;default&#8220; global_colors_info=&#8220;{}&#8220;][et_pb_image src=&#8220;https:\/\/dev.royaldoodlehaus.com\/wp-content\/uploads\/2023\/09\/Bernedoode-Male-Merle-Tri-Colour-0623-1449_03.jpg&#8220; title_text=&#8220;Bernedoode, M\u00e4nnlich, Merle Tri Colour, 0623-1449_03&#8243; _builder_version=&#8220;4.22.0&#8243; _module_preset=&#8220;default&#8220; border_radii=&#8220;on|30px|30px|30px|30px&#8220; global_colors_info=&#8220;{}&#8220;][\/et_pb_image][\/et_pb_column][\/et_pb_row][\/et_pb_section]<\/p>\n","protected":false},"excerpt":{"rendered":"<p>\u00dcber Royal Doodle HausMeine Familie ist seit mehr als 20 Jahren engagierte Hundez\u00fcchterin. Unsere Zuchtst\u00e4tte, Royal Doodle Haus, ist ein Beweis f\u00fcr unsere Leidenschaft und unser Engagement, gesunde und gl\u00fcckliche Welpen zu z\u00fcchten. Durch die sorgf\u00e4ltige Auswahl der Zuchtpaare und die hervorragende Pflege haben wir uns den Ruf erworben, Hunde von h\u00f6chster Qualit\u00e4t zu produzieren, [&hellip;]<\/p>\n","protected":false},"author":1,"featured_media":0,"parent":0,"menu_order":0,"comment_status":"closed","ping_status":"closed","template":"","meta":{"_acf_changed":false,"_et_pb_use_builder":"on","_et_pb_old_content":"","_et_gb_content_width":"","ngg_post_thumbnail":0,"footnotes":""},"class_list":["post-2029","page","type-page","status-publish","hentry"],"acf":[],"_links":{"self":[{"href":"https:\/\/royaldoodlehaus.com\/de\/wp-json\/wp\/v2\/pages\/2029","targetHints":{"allow":["GET"]}}],"collection":[{"href":"https:\/\/royaldoodlehaus.com\/de\/wp-json\/wp\/v2\/pages"}],"about":[{"href":"https:\/\/royaldoodlehaus.com\/de\/wp-json\/wp\/v2\/types\/page"}],"author":[{"embeddable":true,"href":"https:\/\/royaldoodlehaus.com\/de\/wp-json\/wp\/v2\/users\/1"}],"replies":[{"embeddable":true,"href":"https:\/\/royaldoodlehaus.com\/de\/wp-json\/wp\/v2\/comments?post=2029"}],"version-history":[{"count":4,"href":"https:\/\/royaldoodlehaus.com\/de\/wp-json\/wp\/v2\/pages\/2029\/revisions"}],"predecessor-version":[{"id":2215,"href":"https:\/\/royaldoodlehaus.com\/de\/wp-json\/wp\/v2\/pages\/2029\/revisions\/2215"}],"wp:attachment":[{"href":"https:\/\/royaldoodlehaus.com\/de\/wp-json\/wp\/v2\/media?parent=2029"}],"curies":[{"name":"wp","href":"https:\/\/api.w.org\/{rel}","templated":true}]}}