{"id":2166,"date":"2023-09-04T16:41:24","date_gmt":"2023-09-04T16:41:24","guid":{"rendered":"https:\/\/royaldoodlehaus.com\/labradoodle\/"},"modified":"2024-08-19T11:17:44","modified_gmt":"2024-08-19T11:17:44","slug":"labradoodle","status":"publish","type":"page","link":"https:\/\/royaldoodlehaus.com\/de\/labradoodle\/","title":{"rendered":"Der Labradoodle"},"content":{"rendered":"<p>[et_pb_section fb_built=&#8220;1&#8243; _builder_version=&#8220;4.22.0&#8243; _module_preset=&#8220;default&#8220; global_colors_info=&#8220;{}&#8220;][et_pb_row _builder_version=&#8220;4.22.0&#8243; _module_preset=&#8220;default&#8220; global_colors_info=&#8220;{}&#8220;][et_pb_column type=&#8220;4_4&#8243; _builder_version=&#8220;4.22.0&#8243; _module_preset=&#8220;default&#8220; global_colors_info=&#8220;{}&#8220;][et_pb_post_title meta=&#8220;off&#8220; featured_image=&#8220;off&#8220; _builder_version=&#8220;4.22.0&#8243; _module_preset=&#8220;default&#8220; title_font=&#8220;RocknRoll One||||||||&#8220; title_text_align=&#8220;center&#8220; title_text_color=&#8220;#E09900&#8243; title_font_size=&#8220;50px&#8220; title_font_size_tablet=&#8220;35px&#8220; title_font_size_phone=&#8220;35px&#8220; title_font_size_last_edited=&#8220;on|phone&#8220; global_module=&#8220;727&#8243; saved_tabs=&#8220;all&#8220; global_colors_info=&#8220;{}&#8220;][\/et_pb_post_title][et_pb_text _builder_version=&#8220;4.27.0&#8243; _module_preset=&#8220;default&#8220; global_colors_info=&#8220;{}&#8220;]<\/p>\n<div>\n<p>Labradoodles sind eine Kreuzung zwischen einem Labrador Retriever und einem Pudel.<br \/>\nSie sind bekannt f\u00fcr ihr freundliches und aufgeschlossenes Wesen und ihr hypoallergenes Fell.<br \/>\nLabradoodles werden oft wegen ihrer Intelligenz, ihrer Trainierbarkeit und ihrer Vielseitigkeit als Familienhunde oder Therapiehunde ausgew\u00e4hlt.<br \/>\nEs gibt sie in verschiedenen Gr\u00f6\u00dfen und Fellarten, so dass sie f\u00fcr unterschiedliche Vorlieben geeignet sind.   <\/p>\n<p>Labradoodles gelten oft als hypoallergene oder allergenarme Hunde.<br \/>\nIhr pudel\u00e4hnliches Fell kann weniger Allergene produzieren, so dass sie potenziell f\u00fcr Allergiker geeignet sind. <\/p>\n<\/div>\n<p>[\/et_pb_text][\/et_pb_column][\/et_pb_row][et_pb_row column_structure=&#8220;1_2,1_2&#8243; _builder_version=&#8220;4.27.0&#8243; _module_preset=&#8220;default&#8220; global_colors_info=&#8220;{}&#8220;][et_pb_column type=&#8220;1_2&#8243; _builder_version=&#8220;4.27.0&#8243; _module_preset=&#8220;default&#8220; global_colors_info=&#8220;{}&#8220;][et_pb_image src=&#8220;https:\/\/royaldoodlehaus.com\/wp-content\/uploads\/2024\/08\/labradoodle-puppy-mini-size.jpg&#8220; title_text=&#8220;labradoodle-welpe-mini-size&#8220; _builder_version=&#8220;4.27.0&#8243; _module_preset=&#8220;default&#8220; width=&#8220;95%&#8220; global_colors_info=&#8220;{}&#8220;][\/et_pb_image][\/et_pb_column][et_pb_column type=&#8220;1_2&#8243; _builder_version=&#8220;4.27.0&#8243; _module_preset=&#8220;default&#8220; global_colors_info=&#8220;{}&#8220;][et_pb_text _builder_version=&#8220;4.27.0&#8243; _module_preset=&#8220;default&#8220; header_2_font=&#8220;RocknRoll One||||||||&#8220; header_2_text_color=&#8220;#E09900&#8243; global_colors_info=&#8220;{}&#8220;]<\/p>\n<h2><span style=\"font-size: x-large;\"><strong>Mantel<\/strong><strong> Typ<\/strong><\/span><\/h2>\n<p>Labradoodles k\u00f6nnen verschiedene Fellarten haben, die auch innerhalb eines Wurfes variieren k\u00f6nnen.<br \/>\nDie drei Hauptfelltypen sind: <\/p>\n<p><strong>1. Wollmantel:<\/strong> Diese Art von Fell ist lockig, dicht und \u00e4hnelt dem eines Pudels.<br \/>\nEs ist typischerweise nicht haarend und hypoallergen. <\/p>\n<p><strong>2. Fleece-Mantel:<\/strong> Dieses Fell ist eine Kombination aus Woll- und Haarmantel.<br \/>\nEs kann gewellt oder gelockt sein und ist weicher als das Wollfell.<br \/>\nEs gilt au\u00dferdem als wenig haarig und hypoallergen.  <\/p>\n<p><strong>3. Haarkleid:<\/strong> Dieses Fell ist dem Fell eines Labrador Retrievers am \u00e4hnlichsten, mit geradem oder leicht gewelltem Haar.<br \/>\nEs ist der am wenigsten verbreitete Felltyp bei Labradoodles und gilt nicht als hypoallergen. <\/p>\n<p>Labradoodle sind im Allgemeinen gute Familientiere.<br \/>\nSie sind f\u00fcr ihr freundliches und aufgeschlossenes Wesen bekannt, was sie zu gro\u00dfartigen Begleitern f\u00fcr alle Familienmitglieder macht, auch f\u00fcr Kinder.<br \/>\nLabradoodles sind oft gesellig, intelligent und anpassungsf\u00e4hig, was zu ihrer Eignung als Familienhunde beitragen kann.  <\/p>\n<p>Haben Sie schon unsere <a href=\"https:\/\/royaldoodlehaus.com\/de\/category\/welpen-zu-verkaufen\/labradoodle-welpen\/\">Labradoodles<\/a> gesehen <a href=\"https:\/\/royaldoodlehaus.com\/de\/category\/welpen-zu-verkaufen\/labradoodle-welpen\/\">, die Sie heute mit nach Hause nehmen k\u00f6nnen?<\/a><\/p>\n<p>[\/et_pb_text][\/et_pb_column][\/et_pb_row][\/et_pb_section]<\/p>\n","protected":false},"excerpt":{"rendered":"<p>Labradoodles sind eine Kreuzung zwischen einem Labrador Retriever und einem Pudel. Sie sind bekannt f\u00fcr ihr freundliches und aufgeschlossenes Wesen und ihr hypoallergenes Fell. Labradoodles werden oft wegen ihrer Intelligenz, ihrer Trainierbarkeit und ihrer Vielseitigkeit als Familienhunde oder Therapiehunde ausgew\u00e4hlt. Es gibt sie in verschiedenen Gr\u00f6\u00dfen und Fellarten, so dass sie f\u00fcr unterschiedliche Vorlieben geeignet [&hellip;]<\/p>\n","protected":false},"author":1,"featured_media":0,"parent":0,"menu_order":0,"comment_status":"closed","ping_status":"closed","template":"","meta":{"_acf_changed":false,"_et_pb_use_builder":"on","_et_pb_old_content":"","_et_gb_content_width":"","ngg_post_thumbnail":0,"footnotes":""},"class_list":["post-2166","page","type-page","status-publish","hentry"],"acf":[],"_links":{"self":[{"href":"https:\/\/royaldoodlehaus.com\/de\/wp-json\/wp\/v2\/pages\/2166","targetHints":{"allow":["GET"]}}],"collection":[{"href":"https:\/\/royaldoodlehaus.com\/de\/wp-json\/wp\/v2\/pages"}],"about":[{"href":"https:\/\/royaldoodlehaus.com\/de\/wp-json\/wp\/v2\/types\/page"}],"author":[{"embeddable":true,"href":"https:\/\/royaldoodlehaus.com\/de\/wp-json\/wp\/v2\/users\/1"}],"replies":[{"embeddable":true,"href":"https:\/\/royaldoodlehaus.com\/de\/wp-json\/wp\/v2\/comments?post=2166"}],"version-history":[{"count":4,"href":"https:\/\/royaldoodlehaus.com\/de\/wp-json\/wp\/v2\/pages\/2166\/revisions"}],"predecessor-version":[{"id":2917,"href":"https:\/\/royaldoodlehaus.com\/de\/wp-json\/wp\/v2\/pages\/2166\/revisions\/2917"}],"wp:attachment":[{"href":"https:\/\/royaldoodlehaus.com\/de\/wp-json\/wp\/v2\/media?parent=2166"}],"curies":[{"name":"wp","href":"https:\/\/api.w.org\/{rel}","templated":true}]}}